{"id":100,"date":"2025-01-15T06:30:08","date_gmt":"2025-01-15T06:30:08","guid":{"rendered":"https:\/\/www.lzpl.cz\/?page_id=100"},"modified":"2025-01-15T06:30:08","modified_gmt":"2025-01-15T06:30:08","slug":"program-podrobneji","status":"publish","type":"page","link":"https:\/\/www.lzpl.cz\/?page_id=100","title":{"rendered":"Program podrobn\u011bji"},"content":{"rendered":"\n<p>Zde p\u0159ikl\u00e1d\u00e1me \u0161ir\u0161\u00ed vysv\u011btlen\u00ed programu:\u00a0<\/p>\n\n\n\n<p>1\/ Zru\u0161en\u00ed dan\u011b z nemovitost\u00ed<\/p>\n\n\n\n<p>Miliony rodin si zajistili svoji z\u00e1kladn\u00ed lidskou pot\u0159ebu &#8211; vlastn\u00ed bydlen\u00ed. Statis\u00edce rodin si muselo vz\u00edt hypot\u00e9ku mnohdy a\u017e na 30 let. To v\u0161e z poctiv\u00fdch a zdan\u011bn\u00fdch pen\u011bz. A st\u00e1t je chce okr\u00e1dat je\u0161t\u011b v\u00edce naprosto nemravnou nesmyslnou dan\u00ed. Na\u0161e strana tuto da\u0148 zru\u0161\u00ed.<\/p>\n\n\n\n<p>2\/ Minim\u00e1ln\u00ed mzda 50.000 K\u010d, minim\u00e1ln\u00ed d\u016fchod 30.000 K\u010d<\/p>\n\n\n\n<p>Prodava\u010dka v n\u011bmeck\u00e9m supermarketu nepracuje 4 x v\u00edce, ne\u017eli na\u0161e prodava\u010dka. Ceny a obrat v n\u011bmeck\u00e9m supermarketu nejsou 4 x vy\u0161\u0161\u00ed, ne\u017eli v \u010desk\u00e9m. P\u0159esto prodava\u010dka v n\u011bmeck\u00e9m supermarketu m\u00e1 4 x vy\u0161\u0161\u00ed v\u00fdplatu ne\u017eli ta \u010desk\u00e1 a n\u011bmeck\u00fd supermarket kv\u016fli tomu nebankrotuje.<\/p>\n\n\n\n<p>N\u00edzk\u00e9 mzdy zp\u016fsobuj\u00ed n\u00edzk\u00e9 d\u016fchody a senio\u0159i za sv\u00e9 d\u016fchody mnohdy doslova \u017eivo\u0159\u00ed, by\u0165 cel\u00fd \u017eivot poctiv\u011b pracovali.<\/p>\n\n\n\n<p>Na\u0161e strana provede syst\u00e9mov\u00e9 zm\u011bny zaji\u0161\u0165uj\u00edc\u00ed f\u00e9rov\u00e9 mzdy a d\u016fstojn\u00e9 d\u016fchody pro v\u0161echny.<\/p>\n\n\n\n<p>3\/ N\u00e1vrat cen energi\u00ed na ceny z roku 2019<\/p>\n\n\n\n<p>Katastrof\u00e1ln\u00ed n\u00e1r\u016fst cen energi\u00ed je zp\u016fsoben v\u00fdhradn\u011b politick\u00fdm rozhodnut\u00edm v\u00e1lky. V\u00fdrobn\u00ed n\u00e1klady na v\u00fdrobu elekt\u0159iny jsou st\u00e1le stejn\u00e9, jako v roce 2019. Ropa a plyn se daj\u00ed st\u00e1le koupit za ceny jako v roce 2019. Na\u0161e strana p\u0159ijme takov\u00e1 politick\u00e1 rozhodnut\u00ed, kter\u00e1 zajist\u00ed ceny energi\u00ed jako v roce 2019.&nbsp;<\/p>\n\n\n\n<p>4\/ V&nbsp;obchodech zbo\u017e\u00ed nejvy\u0161\u0161\u00ed kvality za ceny dostupn\u00e9 pro ka\u017ed\u00e9ho<\/p>\n\n\n\n<p>Ne\u010dinnost\u00ed vl\u00e1d a st\u00e1tn\u00edch org\u00e1n\u016f se na\u0161e zem\u011b stala v potravin\u00e1ch doslova popelnic\u00ed Evropy s cenami vy\u0161\u0161\u00edmi ne\u017eli na z\u00e1pad od n\u00e1s. Na\u0161e strana toto syst\u00e9mov\u011b zm\u011bn\u00ed a person\u00e1ln\u011b p\u0159eobsad\u00ed veden\u00ed nefunk\u010dn\u00edch st\u00e1tn\u00edch kontroln\u00edch org\u00e1n\u016f.<\/p>\n\n\n\n<p>5\/ Stop v\u00e1lce<\/p>\n\n\n\n<p>V\u00e1lka znamen\u00e1 smrt, utrpen\u00ed a b\u00eddu. Na\u0161e strana nedopust\u00ed zata\u017een\u00ed na\u0161\u00ed zem\u011b do v\u00e1lky a zamez\u00ed financov\u00e1n\u00ed a podporu ciz\u00edch v\u00e1lek.<\/p>\n","protected":false},"excerpt":{"rendered":"<p>Zde p\u0159ikl\u00e1d\u00e1me \u0161ir\u0161\u00ed vysv\u011btlen\u00ed programu:\u00a0 1\/ Zru\u0161en\u00ed dan\u011b z nemovitost\u00ed Miliony rodin si zajistili svoji z\u00e1kladn\u00ed lidskou pot\u0159ebu &#8211; vlastn\u00ed bydlen\u00ed. Statis\u00edce rodin si muselo vz\u00edt hypot\u00e9ku mnohdy a\u017e na 30 let. To v\u0161e z poctiv\u00fdch a zdan\u011bn\u00fdch pen\u011bz. A st\u00e1t je chce okr\u00e1dat je\u0161t\u011b v\u00edce naprosto nemravnou nesmyslnou dan\u00ed. Na\u0161e strana tuto da\u0148 zru\u0161\u00ed. [&hellip;]<\/p>\n","protected":false},"author":1,"featured_media":0,"parent":0,"menu_order":0,"comment_status":"closed","ping_status":"closed","template":"","meta":{"footnotes":""},"class_list":["post-100","page","type-page","status-publish","hentry"],"_links":{"self":[{"href":"https:\/\/www.lzpl.cz\/index.php?rest_route=\/wp\/v2\/pages\/100","targetHints":{"allow":["GET"]}}],"collection":[{"href":"https:\/\/www.lzpl.cz\/index.php?rest_route=\/wp\/v2\/pages"}],"about":[{"href":"https:\/\/www.lzpl.cz\/index.php?rest_route=\/wp\/v2\/types\/page"}],"author":[{"embeddable":true,"href":"https:\/\/www.lzpl.cz\/index.php?rest_route=\/wp\/v2\/users\/1"}],"replies":[{"embeddable":true,"href":"https:\/\/www.lzpl.cz\/index.php?rest_route=%2Fwp%2Fv2%2Fcomments&post=100"}],"version-history":[{"count":1,"href":"https:\/\/www.lzpl.cz\/index.php?rest_route=\/wp\/v2\/pages\/100\/revisions"}],"predecessor-version":[{"id":101,"href":"https:\/\/www.lzpl.cz\/index.php?rest_route=\/wp\/v2\/pages\/100\/revisions\/101"}],"wp:attachment":[{"href":"https:\/\/www.lzpl.cz\/index.php?rest_route=%2Fwp%2Fv2%2Fmedia&parent=100"}],"curies":[{"name":"wp","href":"https:\/\/api.w.org\/{rel}","templated":true}]}}