{"id":34,"date":"2024-04-12T13:15:15","date_gmt":"2024-04-12T13:15:15","guid":{"rendered":"https:\/\/www.lzpl.cz\/?page_id=34"},"modified":"2025-01-15T12:49:54","modified_gmt":"2025-01-15T12:49:54","slug":"lepsi-zivot-pro-lidi","status":"publish","type":"page","link":"https:\/\/www.lzpl.cz\/","title":{"rendered":"N\u00c1\u0160 PROGRAM = N\u00c1\u0160 N\u00c1ZEV"},"content":{"rendered":"\n<p class=\"has-white-color has-midnight-gradient-background has-text-color has-background has-link-color has-x-large-font-size wp-elements-c8e6c983a83c825cdfca2ccdd6b6fc1f\"><strong>LEP\u0160\u00cd \u017dIVOT PRO LIDI<\/strong> <strong>&#8211; zru\u0161en\u00ed dan\u011b<\/strong><br><strong>z nemovitost\u00ed, min. mzda 50.000 K\u010d,<\/strong><br><strong>min. d\u016fchod 30.000 K\u010d, n\u00e1vrat cen energi\u00ed<\/strong><br><strong>na ceny z roku 2019, v obchodech zbo\u017e\u00ed<\/strong><br><strong>nejvy\u0161\u0161\u00ed kvality za ceny dostupn\u00e9<\/strong><br><strong>pro ka\u017ed\u00e9ho, <\/strong><strong>STOP v\u00e1lce<\/strong><\/p>\n","protected":false},"excerpt":{"rendered":"<p>LEP\u0160\u00cd \u017dIVOT PRO LIDI &#8211; zru\u0161en\u00ed dan\u011bz nemovitost\u00ed, min. mzda 50.000 K\u010d,min. d\u016fchod 30.000 K\u010d, n\u00e1vrat cen energi\u00edna ceny z roku 2019, v obchodech zbo\u017e\u00ednejvy\u0161\u0161\u00ed kvality za ceny dostupn\u00e9pro ka\u017ed\u00e9ho, STOP v\u00e1lce<\/p>\n","protected":false},"author":1,"featured_media":0,"parent":0,"menu_order":0,"comment_status":"closed","ping_status":"closed","template":"","meta":{"footnotes":""},"class_list":["post-34","page","type-page","status-publish","hentry"],"_links":{"self":[{"href":"https:\/\/www.lzpl.cz\/index.php?rest_route=\/wp\/v2\/pages\/34","targetHints":{"allow":["GET"]}}],"collection":[{"href":"https:\/\/www.lzpl.cz\/index.php?rest_route=\/wp\/v2\/pages"}],"about":[{"href":"https:\/\/www.lzpl.cz\/index.php?rest_route=\/wp\/v2\/types\/page"}],"author":[{"embeddable":true,"href":"https:\/\/www.lzpl.cz\/index.php?rest_route=\/wp\/v2\/users\/1"}],"replies":[{"embeddable":true,"href":"https:\/\/www.lzpl.cz\/index.php?rest_route=%2Fwp%2Fv2%2Fcomments&post=34"}],"version-history":[{"count":11,"href":"https:\/\/www.lzpl.cz\/index.php?rest_route=\/wp\/v2\/pages\/34\/revisions"}],"predecessor-version":[{"id":103,"href":"https:\/\/www.lzpl.cz\/index.php?rest_route=\/wp\/v2\/pages\/34\/revisions\/103"}],"wp:attachment":[{"href":"https:\/\/www.lzpl.cz\/index.php?rest_route=%2Fwp%2Fv2%2Fmedia&parent=34"}],"curies":[{"name":"wp","href":"https:\/\/api.w.org\/{rel}","templated":true}]}}